{"id":10,"date":"2025-08-09T14:43:33","date_gmt":"2025-08-09T14:43:33","guid":{"rendered":"http:\/\/www.upocam.org\/?page_id=10"},"modified":"2025-08-12T10:32:55","modified_gmt":"2025-08-12T10:32:55","slug":"about","status":"publish","type":"page","link":"https:\/\/www.upocam.org\/index.php\/about\/","title":{"rendered":"Quienes somos"},"content":{"rendered":"\t\t<div data-elementor-type=\"wp-page\" data-elementor-id=\"10\" class=\"elementor elementor-10\">\n\t\t\t\t<div class=\"elementor-element elementor-element-97a8b2e e-flex e-con-boxed e-con e-parent\" data-id=\"97a8b2e\" data-element_type=\"container\" data-e-type=\"container\">\n\t\t\t\t\t<div class=\"e-con-inner\">\n\t\t\t\t<div class=\"elementor-element elementor-element-6b007e4 elementor-widget elementor-widget-html\" data-id=\"6b007e4\" data-element_type=\"widget\" data-e-type=\"widget\" data-widget_type=\"html.default\">\n\t\t\t\t\t  \t\t\t\t<\/div>\n\t\t\t\t\t<\/div>\n\t\t\t\t<\/div>\n\t\t<div class=\"elementor-element elementor-element-e513c76 e-flex e-con-boxed e-con e-parent\" data-id=\"e513c76\" data-element_type=\"container\" data-e-type=\"container\">\n\t\t\t\t\t<div class=\"e-con-inner\">\n\t\t<div class=\"elementor-element elementor-element-7a36798 e-con-full e-flex e-con e-child\" data-id=\"7a36798\" data-element_type=\"container\" data-e-type=\"container\">\n\t\t\t\t<div class=\"elementor-element elementor-element-2c9adcd elementor-widget elementor-widget-text-editor\" data-id=\"2c9adcd\" data-element_type=\"widget\" data-e-type=\"widget\" data-widget_type=\"text-editor.default\">\n\t\t\t\t\t\t\t\t\t<p><span style=\"color: #800000;\"><strong>Uni\u00f3n Provincial de Organizaciones campesinas de Manab\u00ed<\/strong><\/span><\/p>\n<p><span style=\"color: #800000;\">Para el reencuentro de la familia campesina <br \/><\/span><\/p>\n<h3 class=\"wp-block-heading\">Visi\u00f3n<\/h3>\n<p>Lograr un proceso campesino con sujetos capacitados y conscientes, con una estructura s\u00f3lida,<br \/>unida, equitativa y articulada que participen, incidan y transformen el sistema de poder social,<br \/>pol\u00edtico y econ\u00f3mico de la sociedad.<\/p>\n<h3 class=\"wp-block-heading\">Misi\u00f3n<\/h3>\n<p><!-- \/wp:heading --><!-- wp:paragraph --><\/p>\n<p>La Uni\u00f3n Provincial de Organizaciones Campesina de Manab\u00ed es un actor organizativo, pol\u00edtico,<br \/>t\u00e9cnico, articulado al proceso nacional e internacional que construye y desarrolla capacidades y<br \/>propuestas alternativas, que permita la formaci\u00f3n de conciencia pol\u00edtica y la incidencia en<br \/>espacio de poder y en, la sociedad, a trav\u00e9s de la reivindicaci\u00f3n de necesidades, la exigencia de<br \/>derechos y la negociaci\u00f3n de pol\u00edticas publicas para migrar las condiciones de vida de la<br \/>sociedad.<\/p>\n<p><!-- \/wp:paragraph --><!-- wp:heading --><\/p>\n<h3 class=\"wp-block-heading\">Objetivo<\/h3>\n<p><!-- \/wp:heading --><!-- wp:paragraph --><\/p>\n<p>Construir una pol\u00edtica organizativa del campesino, por mejores condiciones de vida y<br \/>defendiendo sus derechos para que se atiendan las necesidades b\u00e1sicas del sector.<\/p>\t\t\t\t\t\t\t\t<\/div>\n\t\t\t\t<\/div>\n\t\t<div class=\"elementor-element elementor-element-428a000 e-con-full e-flex e-con e-child\" data-id=\"428a000\" data-element_type=\"container\" data-e-type=\"container\">\n\t\t\t\t<div class=\"elementor-element elementor-element-d8af5c1 elementor-widget elementor-widget-html\" data-id=\"d8af5c1\" data-element_type=\"widget\" data-e-type=\"widget\" data-widget_type=\"html.default\">\n\t\t\t\t\t<div id=\"fb-root\"><\/div>\n<script async defer crossorigin=\"anonymous\" src=\"https:\/\/connect.facebook.net\/es_ES\/sdk.js#xfbml=1&version=v23.0\"><\/script>\n<div class=\"fb-page\" data-href=\"https:\/\/www.facebook.com\/alfaro.upocam\" data-tabs=\"timeline\" data-width=\"400\" data-height=\"600\" data-small-header=\"true\" data-adapt-container-width=\"true\" data-hide-cover=\"false\" data-show-facepile=\"true\"><blockquote cite=\"https:\/\/www.facebook.com\/alfaro.upocam\" class=\"fb-xfbml-parse-ignore\"><a href=\"https:\/\/www.facebook.com\/alfaro.upocam\">Alfaro Upocam<\/a><\/blockquote><\/div>\t\t\t\t<\/div>\n\t\t\t\t<\/div>\n\t\t\t\t\t<\/div>\n\t\t\t\t<\/div>\n\t\t<div class=\"elementor-element elementor-element-dc346b4 e-flex e-con-boxed e-con e-parent\" data-id=\"dc346b4\" data-element_type=\"container\" data-e-type=\"container\">\n\t\t\t\t\t<div class=\"e-con-inner\">\n\t\t\t\t<div class=\"elementor-element elementor-element-a78243a elementor-widget elementor-widget-html\" data-id=\"a78243a\" data-element_type=\"widget\" data-e-type=\"widget\" data-widget_type=\"html.default\">\n\t\t\t\t\t  \t\t\t\t<\/div>\n\t\t\t\t\t<\/div>\n\t\t\t\t<\/div>\n\t\t\t\t<\/div>\n\t\t","protected":false},"excerpt":{"rendered":"<p>Uni\u00f3n Provincial de Organizaciones campesinas de Manab\u00ed Para el reencuentro de la familia campesina Visi\u00f3n Lograr un proceso campesino con [&hellip;]<\/p>\n","protected":false},"author":1,"featured_media":0,"parent":0,"menu_order":0,"comment_status":"closed","ping_status":"closed","template":"","meta":{"site-sidebar-layout":"default","site-content-layout":"","ast-site-content-layout":"default","site-content-style":"default","site-sidebar-style":"default","ast-global-header-display":"","ast-banner-title-visibility":"","ast-main-header-display":"","ast-hfb-above-header-display":"","ast-hfb-below-header-display":"","ast-hfb-mobile-header-display":"","site-post-title":"disabled","ast-breadcrumbs-content":"","ast-featured-img":"","footer-sml-layout":"","ast-disable-related-posts":"","theme-transparent-header-meta":"","adv-header-id-meta":"","stick-header-meta":"","header-above-stick-meta":"","header-main-stick-meta":"","header-below-stick-meta":"","astra-migrate-meta-layouts":"default","ast-page-background-enabled":"default","ast-page-background-meta":{"desktop":{"background-color":"var(--ast-global-color-5)","background-image":"","background-repeat":"repeat","background-position":"center center","background-size":"auto","background-attachment":"scroll","background-type":"","background-media":"","overlay-type":"","overlay-color":"","overlay-opacity":"","overlay-gradient":""},"tablet":{"background-color":"","background-image":"","background-repeat":"repeat","background-position":"center center","background-size":"auto","background-attachment":"scroll","background-type":"","background-media":"","overlay-type":"","overlay-color":"","overlay-opacity":"","overlay-gradient":""},"mobile":{"background-color":"","background-image":"","background-repeat":"repeat","background-position":"center center","background-size":"auto","background-attachment":"scroll","background-type":"","background-media":"","overlay-type":"","overlay-color":"","overlay-opacity":"","overlay-gradient":""}},"ast-content-background-meta":{"desktop":{"background-color":"var(--ast-global-color-4)","background-image":"","background-repeat":"repeat","background-position":"center center","background-size":"auto","background-attachment":"scroll","background-type":"","background-media":"","overlay-type":"","overlay-color":"","overlay-opacity":"","overlay-gradient":""},"tablet":{"background-color":"var(--ast-global-color-4)","background-image":"","background-repeat":"repeat","background-position":"center center","background-size":"auto","background-attachment":"scroll","background-type":"","background-media":"","overlay-type":"","overlay-color":"","overlay-opacity":"","overlay-gradient":""},"mobile":{"background-color":"var(--ast-global-color-4)","background-image":"","background-repeat":"repeat","background-position":"center center","background-size":"auto","background-attachment":"scroll","background-type":"","background-media":"","overlay-type":"","overlay-color":"","overlay-opacity":"","overlay-gradient":""}},"footnotes":""},"class_list":["post-10","page","type-page","status-publish","hentry"],"_links":{"self":[{"href":"https:\/\/www.upocam.org\/index.php\/wp-json\/wp\/v2\/pages\/10","targetHints":{"allow":["GET"]}}],"collection":[{"href":"https:\/\/www.upocam.org\/index.php\/wp-json\/wp\/v2\/pages"}],"about":[{"href":"https:\/\/www.upocam.org\/index.php\/wp-json\/wp\/v2\/types\/page"}],"author":[{"embeddable":true,"href":"https:\/\/www.upocam.org\/index.php\/wp-json\/wp\/v2\/users\/1"}],"replies":[{"embeddable":true,"href":"https:\/\/www.upocam.org\/index.php\/wp-json\/wp\/v2\/comments?post=10"}],"version-history":[{"count":28,"href":"https:\/\/www.upocam.org\/index.php\/wp-json\/wp\/v2\/pages\/10\/revisions"}],"predecessor-version":[{"id":123,"href":"https:\/\/www.upocam.org\/index.php\/wp-json\/wp\/v2\/pages\/10\/revisions\/123"}],"wp:attachment":[{"href":"https:\/\/www.upocam.org\/index.php\/wp-json\/wp\/v2\/media?parent=10"}],"curies":[{"name":"wp","href":"https:\/\/api.w.org\/{rel}","templated":true}]}}