{"id":12,"date":"2025-08-09T14:43:33","date_gmt":"2025-08-09T14:43:33","guid":{"rendered":"http:\/\/www.upocam.org\/?page_id=12"},"modified":"2025-08-12T14:21:20","modified_gmt":"2025-08-12T14:21:20","slug":"blog","status":"publish","type":"page","link":"https:\/\/www.upocam.org\/index.php\/blog\/","title":{"rendered":"Fincar"},"content":{"rendered":"\t\t<div data-elementor-type=\"wp-page\" data-elementor-id=\"12\" class=\"elementor elementor-12\">\n\t\t\t\t<div class=\"elementor-element elementor-element-383af07 e-flex e-con-boxed e-con e-parent\" data-id=\"383af07\" data-element_type=\"container\" data-e-type=\"container\">\n\t\t\t\t\t<div class=\"e-con-inner\">\n\t\t<div class=\"elementor-element elementor-element-0503270 e-con-full e-flex e-con e-child\" data-id=\"0503270\" data-element_type=\"container\" data-e-type=\"container\">\n\t\t\t\t<div class=\"elementor-element elementor-element-636ae10 elementor-widget elementor-widget-text-editor\" data-id=\"636ae10\" data-element_type=\"widget\" data-e-type=\"widget\" data-widget_type=\"text-editor.default\">\n\t\t\t\t\t\t\t\t\t<p>La propuesta \u00abFINCAR\u00bb naci\u00f3 despu\u00e9s de diferentes eventos en la historia. Durante los a\u00f1os 50 comenz\u00f3 la cultura de caf\u00e9 en la provincia de Manab\u00ed. La bonanza se dio entre los a\u00f1os 70 y 90 cuando todos ten\u00edan un trabajo y un sueldo para vivir.<\/p><p>Despu\u00e9s de esta \u00e9poca feliz, la provincia de Manab\u00ed enfrento a varias crisis. Primero en 1995, con la ca\u00edda de los precios de caf\u00e9 en el mercado internacional y nacional. Secundo en 1998, con el fen\u00f3meno del Ni\u00f1o que dejo las familias en una situaci\u00f3n lamentable: sin finca, sin techo, sin tierra a cultivar.<\/p>\t\t\t\t\t\t\t\t<\/div>\n\t\t\t\t<\/div>\n\t\t<div class=\"elementor-element elementor-element-8dfaee2 e-con-full e-flex e-con e-child\" data-id=\"8dfaee2\" data-element_type=\"container\" data-e-type=\"container\">\n\t\t\t\t<div class=\"elementor-element elementor-element-401dd9c elementor-widget elementor-widget-image\" data-id=\"401dd9c\" data-element_type=\"widget\" data-e-type=\"widget\" data-widget_type=\"image.default\">\n\t\t\t\t\t\t\t\t\t\t\t\t\t\t\t<img decoding=\"async\" src=\"https:\/\/www.upocam.org\/wp-content\/uploads\/elementor\/thumbs\/FINCAR-7-ra5hhn4f21gxutkh0i0qi44sxapjy1gcqz0mgq720w.jpg\" title=\"FINCAR 7\" alt=\"FINCAR 7\" loading=\"lazy\" \/>\t\t\t\t\t\t\t\t\t\t\t\t\t\t\t<\/div>\n\t\t\t\t<\/div>\n\t\t\t\t\t<\/div>\n\t\t\t\t<\/div>\n\t\t<div class=\"elementor-element elementor-element-7fa141b e-flex e-con-boxed e-con e-parent\" data-id=\"7fa141b\" data-element_type=\"container\" data-e-type=\"container\">\n\t\t\t\t\t<div class=\"e-con-inner\">\n\t\t<div class=\"elementor-element elementor-element-34295b6 e-con-full e-flex e-con e-child\" data-id=\"34295b6\" data-element_type=\"container\" data-e-type=\"container\">\n\t\t\t\t<div class=\"elementor-element elementor-element-6f7d6a2 elementor-widget elementor-widget-text-editor\" data-id=\"6f7d6a2\" data-element_type=\"widget\" data-e-type=\"widget\" data-widget_type=\"text-editor.default\">\n\t\t\t\t\t\t\t\t\t<p>A partir de esta realidad, la UPOCAM con el apoyo de Heiffer Internacional, comenz\u00f3 a dar vida a la propuesta \u00abFINCAR\u00bb, en 2001, en la zona norte de Manab\u00ed. En 2016, se inici\u00f3, con el apoyo de la regi\u00f3n Valona y MATM de B\u00e9lgica, y la colaboraci\u00f3n del Consejo Provincial de Manab\u00ed, la UNESUM y el MAG, la propuesta \u00abFINCAR\u00bb en la zona sur, como adaptaci\u00f3n a los cambios climaticos. <br \/><br \/><strong>\u00abFINCAR\u00bb<\/strong> es una propuesta de soberan\u00eda promoviendo la biodiversidad, la conservaci\u00f3n de las especies y semillas as\u00ed que el respeto del medio ambiente. Nuestra propuesta es no depender del mercado, sino garantizar la alimentaci\u00f3n y los cultivos tradicionales, que las cosas est\u00e9n dentro de la misma finca, ser libres y decidir de lo que queremos comer al momento que queremos, tener los productivos frescos y la cantidad que deseamos, sin depender de insumos externos, es decir tener soberan\u00eda alimentar\u00eda.<\/p>\t\t\t\t\t\t\t\t<\/div>\n\t\t\t\t<\/div>\n\t\t<div class=\"elementor-element elementor-element-70013cf e-con-full e-flex e-con e-child\" data-id=\"70013cf\" data-element_type=\"container\" data-e-type=\"container\">\n\t\t\t\t<div class=\"elementor-element elementor-element-5360e77 elementor-widget elementor-widget-image\" data-id=\"5360e77\" data-element_type=\"widget\" data-e-type=\"widget\" data-widget_type=\"image.default\">\n\t\t\t\t\t\t\t\t\t\t\t\t\t\t\t<img decoding=\"async\" src=\"https:\/\/www.upocam.org\/wp-content\/uploads\/elementor\/thumbs\/fincar-1-ra5gquq0a0tbfhtlrztyyzbvtt75uh2xnv6a3sfxmo.jpg\" title=\"fincar 1\" alt=\"fincar 1\" loading=\"lazy\" \/>\t\t\t\t\t\t\t\t\t\t\t\t\t\t\t<\/div>\n\t\t\t\t<\/div>\n\t\t\t\t\t<\/div>\n\t\t\t\t<\/div>\n\t\t<div class=\"elementor-element elementor-element-4d1e9aa e-flex e-con-boxed e-con e-parent\" data-id=\"4d1e9aa\" data-element_type=\"container\" data-e-type=\"container\">\n\t\t\t\t\t<div class=\"e-con-inner\">\n\t\t<div class=\"elementor-element elementor-element-5721574 e-con-full e-flex e-con e-child\" data-id=\"5721574\" data-element_type=\"container\" data-e-type=\"container\">\n\t\t\t\t<div class=\"elementor-element elementor-element-539ffe7 elementor-widget elementor-widget-text-editor\" data-id=\"539ffe7\" data-element_type=\"widget\" data-e-type=\"widget\" data-widget_type=\"text-editor.default\">\n\t\t\t\t\t\t\t\t\t<h4><strong>Capacitaci\u00f3n<\/strong><\/h4><p>Vimos la necesidad, durante la integraci\u00f3n del proceso en las comunidades, de organizar reuniones rotativas con las familias y aprovechar el tiempo para seguir a capacitar la gente sobre varios temas como: el seguro campesino, el agua y la relaci\u00f3n con el CRM, la comercializaci\u00f3n, el comercio internacional, etc.<\/p><p>Cada mes se organiza un taller con las familias. Primero para presentar un informe de todo lo sucedido en cada una de las comunidades por parte de los coordinadores. Despu\u00e9s realizamos una charla sobre un tema t\u00e9cnico con apoyo de un profesional de la zona. Tercero, para conectar la propuesta productiva de la UPOCAM con la vida general de la organizaci\u00f3n en el contexto de la comunidad del cant\u00f3n, de la provincia, del pa\u00eds, tratamos los temas pol\u00edticos y organizativos. Al fin de la reuni\u00f3n hacemos una planificaci\u00f3n de las actividades del siguiente mes.<\/p>\t\t\t\t\t\t\t\t<\/div>\n\t\t\t\t<\/div>\n\t\t<div class=\"elementor-element elementor-element-f667fca e-con-full e-flex e-con e-child\" data-id=\"f667fca\" data-element_type=\"container\" data-e-type=\"container\">\n\t\t\t\t<div class=\"elementor-element elementor-element-c0c2927 elementor-widget elementor-widget-image\" data-id=\"c0c2927\" data-element_type=\"widget\" data-e-type=\"widget\" data-widget_type=\"image.default\">\n\t\t\t\t\t\t\t\t\t\t\t\t\t\t\t<img decoding=\"async\" src=\"https:\/\/www.upocam.org\/wp-content\/uploads\/elementor\/thumbs\/fincar-2-ra5gqvnuguulr3s8mi8ljh3cf72j266nzztrl2ejgg.jpg\" title=\"fincar 2\" alt=\"fincar 2\" loading=\"lazy\" \/>\t\t\t\t\t\t\t\t\t\t\t\t\t\t\t<\/div>\n\t\t\t\t<\/div>\n\t\t\t\t\t<\/div>\n\t\t\t\t<\/div>\n\t\t<div class=\"elementor-element elementor-element-3e71aa7 e-flex e-con-boxed e-con e-parent\" data-id=\"3e71aa7\" data-element_type=\"container\" data-e-type=\"container\">\n\t\t\t\t\t<div class=\"e-con-inner\">\n\t\t<div class=\"elementor-element elementor-element-acffdf3 e-con-full e-flex e-con e-child\" data-id=\"acffdf3\" data-element_type=\"container\" data-e-type=\"container\">\n\t\t\t\t<div class=\"elementor-element elementor-element-0d2b9c3 elementor-widget elementor-widget-text-editor\" data-id=\"0d2b9c3\" data-element_type=\"widget\" data-e-type=\"widget\" data-widget_type=\"text-editor.default\">\n\t\t\t\t\t\t\t\t\t<h4><strong>La finca<\/strong><\/h4><p>Los componentes de la finca son productos que garantizan la alimentaci\u00f3n de nuestra familia y los excedentes para el mercado. La primera acci\u00f3n de la UPOCAM se pone al nivel del manejo del agua. Entregamos bombas de succi\u00f3n con reservorios de geomembrana, tubos mangueras para garantizar la inversi\u00f3n de los cultivos. El riego permite levantar las fincas, los huertos y los viveros.<\/p><p>Una vez que contamos con agua, comenzamos sembrando o resembrando fr\u00e9jol, habichuela, haba, yuca, man\u00ed y pimiento, que son los de ciclo corto y que sirven de base para sembrar pl\u00e1tano, lim\u00f3n, mango, papaya, etc.<\/p><p>Despu\u00e9s, cuando estamos seguro de que la finca satisface las necesidades de la familia y de que la familia es capaz de cuidar \u00e1rboles y huertas y de que las alimentaci\u00f3n para los animales esta garantizada, entregamos pollos criollos y mejorados, cerdos, abejas, etc.<\/p><p>El tener de animales en nuestras fincas y cerca de nuestras casas nos permite incorporar materia org\u00e1nica en los sueles que son muy pobres en nitr\u00f3geno<\/p>\t\t\t\t\t\t\t\t<\/div>\n\t\t\t\t<\/div>\n\t\t<div class=\"elementor-element elementor-element-b132cdc e-con-full e-flex e-con e-child\" data-id=\"b132cdc\" data-element_type=\"container\" data-e-type=\"container\">\n\t\t\t\t<div class=\"elementor-element elementor-element-7c77aa2 elementor-widget elementor-widget-image\" data-id=\"7c77aa2\" data-element_type=\"widget\" data-e-type=\"widget\" data-widget_type=\"image.default\">\n\t\t\t\t\t\t\t\t\t\t\t\t\t\t\t<img decoding=\"async\" src=\"https:\/\/www.upocam.org\/wp-content\/uploads\/elementor\/thumbs\/fincar-3-ra5gqwlonovw2pqvh0n83yut0kxw9vaec4h92cd5a8.jpg\" title=\"fincar 3\" alt=\"fincar 3\" loading=\"lazy\" \/>\t\t\t\t\t\t\t\t\t\t\t\t\t\t\t<\/div>\n\t\t\t\t<div class=\"elementor-element elementor-element-5910310 elementor-widget elementor-widget-image\" data-id=\"5910310\" data-element_type=\"widget\" data-e-type=\"widget\" data-widget_type=\"image.default\">\n\t\t\t\t\t\t\t\t\t\t\t\t\t\t\t<img decoding=\"async\" src=\"https:\/\/www.upocam.org\/wp-content\/uploads\/elementor\/thumbs\/agro-7-ra3q5mvrg6buicqvzj2bf2mo9d0taiyo7h1ig7b75s.jpg\" title=\"agro 7\" alt=\"agro 7\" loading=\"lazy\" \/>\t\t\t\t\t\t\t\t\t\t\t\t\t\t\t<\/div>\n\t\t\t\t<\/div>\n\t\t\t\t\t<\/div>\n\t\t\t\t<\/div>\n\t\t<div class=\"elementor-element elementor-element-f8f104d e-flex e-con-boxed e-con e-parent\" data-id=\"f8f104d\" data-element_type=\"container\" data-e-type=\"container\">\n\t\t\t\t\t<div class=\"e-con-inner\">\n\t\t<div class=\"elementor-element elementor-element-1dc00c0 e-con-full e-flex e-con e-child\" data-id=\"1dc00c0\" data-element_type=\"container\" data-e-type=\"container\">\n\t\t\t\t<div class=\"elementor-element elementor-element-7d34364 elementor-widget elementor-widget-text-editor\" data-id=\"7d34364\" data-element_type=\"widget\" data-e-type=\"widget\" data-widget_type=\"text-editor.default\">\n\t\t\t\t\t\t\t\t\t<h4>El abonamiento<\/h4><p>Nuestros suelos son muy pobres en materia org\u00e1nica y han sido maltratados, por ello nos planteamos tener composteras. Adem\u00e1s, no quemamos los desechos, sino incorporarlos directamente luego de un proceso de descomposici\u00f3n. Trabajamos en la elaboraci\u00f3n de bioinsecticidas utilizando especies repelentes como el nim (Azadirachta indica), la ruda de gallinaza o flor de muerto (Tangetes p\u00e1tula), lim\u00f3n y aj\u00ed que son parte de la finca.<\/p><p>Otra forma que usamos en nuestros cultivos para incorporar nitr\u00f3geno es la preparaci\u00f3n y uso de biol.<\/p>\t\t\t\t\t\t\t\t<\/div>\n\t\t\t\t<\/div>\n\t\t<div class=\"elementor-element elementor-element-6b1e26e e-con-full e-flex e-con e-child\" data-id=\"6b1e26e\" data-element_type=\"container\" data-e-type=\"container\">\n\t\t\t\t<div class=\"elementor-element elementor-element-00ea3d0 elementor-widget elementor-widget-image\" data-id=\"00ea3d0\" data-element_type=\"widget\" data-e-type=\"widget\" data-widget_type=\"image.default\">\n\t\t\t\t\t\t\t\t\t\t\t\t\t\t\t<img decoding=\"async\" src=\"https:\/\/www.upocam.org\/wp-content\/uploads\/elementor\/thumbs\/fincar-5-ra5gqyhd1cygpxo561gh8ydq7comp9hv0ds80wacxs.jpg\" title=\"fincar 5\" alt=\"fincar 5\" loading=\"lazy\" \/>\t\t\t\t\t\t\t\t\t\t\t\t\t\t\t<\/div>\n\t\t\t\t<\/div>\n\t\t\t\t\t<\/div>\n\t\t\t\t<\/div>\n\t\t\t\t<\/div>\n\t\t","protected":false},"excerpt":{"rendered":"<p>La propuesta \u00abFINCAR\u00bb naci\u00f3 despu\u00e9s de diferentes eventos en la historia. Durante los a\u00f1os 50 comenz\u00f3 la cultura de caf\u00e9 [&hellip;]<\/p>\n","protected":false},"author":1,"featured_media":0,"parent":0,"menu_order":0,"comment_status":"closed","ping_status":"closed","template":"","meta":{"site-sidebar-layout":"no-sidebar","site-content-layout":"","ast-site-content-layout":"full-width-container","site-content-style":"default","site-sidebar-style":"default","ast-global-header-display":"","ast-banner-title-visibility":"","ast-main-header-display":"","ast-hfb-above-header-display":"","ast-hfb-below-header-display":"","ast-hfb-mobile-header-display":"","site-post-title":"disabled","ast-breadcrumbs-content":"","ast-featured-img":"disabled","footer-sml-layout":"","ast-disable-related-posts":"","theme-transparent-header-meta":"","adv-header-id-meta":"","stick-header-meta":"","header-above-stick-meta":"","header-main-stick-meta":"","header-below-stick-meta":"","astra-migrate-meta-layouts":"default","ast-page-background-enabled":"default","ast-page-background-meta":{"desktop":{"background-color":"var(--ast-global-color-5)","background-image":"","background-repeat":"repeat","background-position":"center center","background-size":"auto","background-attachment":"scroll","background-type":"","background-media":"","overlay-type":"","overlay-color":"","overlay-opacity":"","overlay-gradient":""},"tablet":{"background-color":"","background-image":"","background-repeat":"repeat","background-position":"center center","background-size":"auto","background-attachment":"scroll","background-type":"","background-media":"","overlay-type":"","overlay-color":"","overlay-opacity":"","overlay-gradient":""},"mobile":{"background-color":"","background-image":"","background-repeat":"repeat","background-position":"center center","background-size":"auto","background-attachment":"scroll","background-type":"","background-media":"","overlay-type":"","overlay-color":"","overlay-opacity":"","overlay-gradient":""}},"ast-content-background-meta":{"desktop":{"background-color":"var(--ast-global-color-4)","background-image":"","background-repeat":"repeat","background-position":"center center","background-size":"auto","background-attachment":"scroll","background-type":"","background-media":"","overlay-type":"","overlay-color":"","overlay-opacity":"","overlay-gradient":""},"tablet":{"background-color":"var(--ast-global-color-4)","background-image":"","background-repeat":"repeat","background-position":"center center","background-size":"auto","background-attachment":"scroll","background-type":"","background-media":"","overlay-type":"","overlay-color":"","overlay-opacity":"","overlay-gradient":""},"mobile":{"background-color":"var(--ast-global-color-4)","background-image":"","background-repeat":"repeat","background-position":"center center","background-size":"auto","background-attachment":"scroll","background-type":"","background-media":"","overlay-type":"","overlay-color":"","overlay-opacity":"","overlay-gradient":""}},"footnotes":""},"class_list":["post-12","page","type-page","status-publish","hentry"],"_links":{"self":[{"href":"https:\/\/www.upocam.org\/index.php\/wp-json\/wp\/v2\/pages\/12","targetHints":{"allow":["GET"]}}],"collection":[{"href":"https:\/\/www.upocam.org\/index.php\/wp-json\/wp\/v2\/pages"}],"about":[{"href":"https:\/\/www.upocam.org\/index.php\/wp-json\/wp\/v2\/types\/page"}],"author":[{"embeddable":true,"href":"https:\/\/www.upocam.org\/index.php\/wp-json\/wp\/v2\/users\/1"}],"replies":[{"embeddable":true,"href":"https:\/\/www.upocam.org\/index.php\/wp-json\/wp\/v2\/comments?post=12"}],"version-history":[{"count":14,"href":"https:\/\/www.upocam.org\/index.php\/wp-json\/wp\/v2\/pages\/12\/revisions"}],"predecessor-version":[{"id":192,"href":"https:\/\/www.upocam.org\/index.php\/wp-json\/wp\/v2\/pages\/12\/revisions\/192"}],"wp:attachment":[{"href":"https:\/\/www.upocam.org\/index.php\/wp-json\/wp\/v2\/media?parent=12"}],"curies":[{"name":"wp","href":"https:\/\/api.w.org\/{rel}","templated":true}]}}