{"id":9,"date":"2025-08-09T14:43:33","date_gmt":"2025-08-09T14:43:33","guid":{"rendered":"http:\/\/www.upocam.org\/?page_id=9"},"modified":"2025-08-12T11:58:15","modified_gmt":"2025-08-12T11:58:15","slug":"home","status":"publish","type":"page","link":"https:\/\/www.upocam.org\/","title":{"rendered":"Historia"},"content":{"rendered":"\t\t<div data-elementor-type=\"wp-page\" data-elementor-id=\"9\" class=\"elementor elementor-9\">\n\t\t\t\t<div class=\"elementor-element elementor-element-ede9678 e-flex e-con-boxed e-con e-parent\" data-id=\"ede9678\" data-element_type=\"container\" data-e-type=\"container\">\n\t\t\t\t\t<div class=\"e-con-inner\">\n\t\t\t\t<div class=\"elementor-element elementor-element-33f84b8 elementor-widget elementor-widget-html\" data-id=\"33f84b8\" data-element_type=\"widget\" data-e-type=\"widget\" data-widget_type=\"html.default\">\n\t\t\t\t\t  \t\t\t\t<\/div>\n\t\t\t\t\t<\/div>\n\t\t\t\t<\/div>\n\t\t<div class=\"elementor-element elementor-element-6c93794 e-flex e-con-boxed e-con e-parent\" data-id=\"6c93794\" data-element_type=\"container\" data-e-type=\"container\">\n\t\t\t\t\t<div class=\"e-con-inner\">\n\t\t<div class=\"elementor-element elementor-element-a363285 e-con-full e-flex e-con e-child\" data-id=\"a363285\" data-element_type=\"container\" data-e-type=\"container\">\n\t\t\t\t<div class=\"elementor-element elementor-element-6ed88eb elementor-widget elementor-widget-text-editor\" data-id=\"6ed88eb\" data-element_type=\"widget\" data-e-type=\"widget\" data-widget_type=\"text-editor.default\">\n\t\t\t\t\t\t\t\t\t<p>La organizaci\u00f3n fue creada el 13 de junio 1978 y tiene su personer\u00eda jur\u00eddica desde el 10 de<br \/>noviembre 2001. Su base social, son las Asociaciones de Fondos Mortuorios, Agr\u00edcolas y los<br \/>Comit\u00e9s Pro Mejoras en los que participan hombres y mujeres campesinas. Cada una de estas<br \/>organizaciones y comit\u00e9s son conocidas como \u00aborganizaciones campesinas\u00bb de base o primer<br \/>grado, tienen autonom\u00eda y funcionan de acuerdo a intereses espec\u00edficos.<\/p><div class=\"col-md-8 page-content-wrap \"><p>En la UPOCAM participan \u00ab13 organizaciones campesinas de derecho, mas otras 13 de hecho. En 25 a\u00f1os de lucha, se ha logrado vigencia y ha promovido cambios en la vida de las organizaciones campesinas de la provincia y sus familias, est\u00e1 empe\u00f1ada en el cambio de estructuras para que los pobres tengan mejores posibilidades\u00bb.<\/p><p>Al inicio la UPOCAM comenz\u00f3 alfabetizando, dinamizando las cooperativas e imaginando estrategias para recuperar tierras para los campesinos, con el objetivo grande de aportar en la construcci\u00f3n de un nuevo modelo sociedad en el Ecuador, con las mismas oportunidades para todos.<\/p><p>Con el correr del tiempo, la UPOCAM amplio su radio de acci\u00f3n en toda la provincia con sus servicios de salud, educaci\u00f3n, capacitaci\u00f3n, producci\u00f3n y <a href=\"http:\/\/www.radioalfaro.upocam.org\" target=\"_blank\" rel=\"noopener\">comunicaci\u00f3n<\/a>. Las estrategias se renovaron, aclararon sus l\u00edneas de acci\u00f3n y hoy en d\u00eda la UPOCAM ha crecido, compite con otras organizaciones, incluyendo las pol\u00edticas y ha ingresado en la arena electoral.<\/p><p>Al nivel nacional, somos parte de la CNC, \u00abCoordinadora Nacional Campesina\u00bb con el fin de apoyar la lucha campesina del pa\u00eds tomando en cuenta las propuestas de varias organizaciones sociales.<\/p><\/div>\t\t\t\t\t\t\t\t<\/div>\n\t\t\t\t<\/div>\n\t\t<div class=\"elementor-element elementor-element-1ce9bed e-con-full e-flex e-con e-child\" data-id=\"1ce9bed\" data-element_type=\"container\" data-e-type=\"container\">\n\t\t\t\t<div class=\"elementor-element elementor-element-edde7c0 elementor-widget elementor-widget-image\" data-id=\"edde7c0\" data-element_type=\"widget\" data-e-type=\"widget\" data-widget_type=\"image.default\">\n\t\t\t\t\t\t\t\t\t\t\t\t\t\t\t<img fetchpriority=\"high\" decoding=\"async\" width=\"720\" height=\"960\" src=\"https:\/\/www.upocam.org\/wp-content\/uploads\/2025\/08\/WhatsApp-Image-2025-08-09-at-17.22.39.jpeg\" class=\"attachment-large size-large wp-image-107\" alt=\"\" srcset=\"https:\/\/www.upocam.org\/wp-content\/uploads\/2025\/08\/WhatsApp-Image-2025-08-09-at-17.22.39.jpeg 720w, https:\/\/www.upocam.org\/wp-content\/uploads\/2025\/08\/WhatsApp-Image-2025-08-09-at-17.22.39-225x300.jpeg 225w\" sizes=\"(max-width: 720px) 100vw, 720px\" \/>\t\t\t\t\t\t\t\t\t\t\t\t\t\t\t<\/div>\n\t\t\t\t<\/div>\n\t\t\t\t\t<\/div>\n\t\t\t\t<\/div>\n\t\t\t\t<\/div>\n\t\t","protected":false},"excerpt":{"rendered":"<p>La organizaci\u00f3n fue creada el 13 de junio 1978 y tiene su personer\u00eda jur\u00eddica desde el 10 denoviembre 2001. Su [&hellip;]<\/p>\n","protected":false},"author":1,"featured_media":0,"parent":0,"menu_order":0,"comment_status":"closed","ping_status":"closed","template":"","meta":{"site-sidebar-layout":"default","site-content-layout":"","ast-site-content-layout":"default","site-content-style":"default","site-sidebar-style":"default","ast-global-header-display":"","ast-banner-title-visibility":"","ast-main-header-display":"","ast-hfb-above-header-display":"","ast-hfb-below-header-display":"","ast-hfb-mobile-header-display":"","site-post-title":"disabled","ast-breadcrumbs-content":"","ast-featured-img":"","footer-sml-layout":"","ast-disable-related-posts":"","theme-transparent-header-meta":"","adv-header-id-meta":"","stick-header-meta":"","header-above-stick-meta":"","header-main-stick-meta":"","header-below-stick-meta":"","astra-migrate-meta-layouts":"default","ast-page-background-enabled":"default","ast-page-background-meta":{"desktop":{"background-color":"var(--ast-global-color-5)","background-image":"","background-repeat":"repeat","background-position":"center center","background-size":"auto","background-attachment":"scroll","background-type":"","background-media":"","overlay-type":"","overlay-color":"","overlay-opacity":"","overlay-gradient":""},"tablet":{"background-color":"","background-image":"","background-repeat":"repeat","background-position":"center center","background-size":"auto","background-attachment":"scroll","background-type":"","background-media":"","overlay-type":"","overlay-color":"","overlay-opacity":"","overlay-gradient":""},"mobile":{"background-color":"","background-image":"","background-repeat":"repeat","background-position":"center center","background-size":"auto","background-attachment":"scroll","background-type":"","background-media":"","overlay-type":"","overlay-color":"","overlay-opacity":"","overlay-gradient":""}},"ast-content-background-meta":{"desktop":{"background-color":"var(--ast-global-color-4)","background-image":"","background-repeat":"repeat","background-position":"center center","background-size":"auto","background-attachment":"scroll","background-type":"","background-media":"","overlay-type":"","overlay-color":"","overlay-opacity":"","overlay-gradient":""},"tablet":{"background-color":"var(--ast-global-color-4)","background-image":"","background-repeat":"repeat","background-position":"center center","background-size":"auto","background-attachment":"scroll","background-type":"","background-media":"","overlay-type":"","overlay-color":"","overlay-opacity":"","overlay-gradient":""},"mobile":{"background-color":"var(--ast-global-color-4)","background-image":"","background-repeat":"repeat","background-position":"center center","background-size":"auto","background-attachment":"scroll","background-type":"","background-media":"","overlay-type":"","overlay-color":"","overlay-opacity":"","overlay-gradient":""}},"footnotes":""},"class_list":["post-9","page","type-page","status-publish","hentry"],"_links":{"self":[{"href":"https:\/\/www.upocam.org\/index.php\/wp-json\/wp\/v2\/pages\/9","targetHints":{"allow":["GET"]}}],"collection":[{"href":"https:\/\/www.upocam.org\/index.php\/wp-json\/wp\/v2\/pages"}],"about":[{"href":"https:\/\/www.upocam.org\/index.php\/wp-json\/wp\/v2\/types\/page"}],"author":[{"embeddable":true,"href":"https:\/\/www.upocam.org\/index.php\/wp-json\/wp\/v2\/users\/1"}],"replies":[{"embeddable":true,"href":"https:\/\/www.upocam.org\/index.php\/wp-json\/wp\/v2\/comments?post=9"}],"version-history":[{"count":22,"href":"https:\/\/www.upocam.org\/index.php\/wp-json\/wp\/v2\/pages\/9\/revisions"}],"predecessor-version":[{"id":169,"href":"https:\/\/www.upocam.org\/index.php\/wp-json\/wp\/v2\/pages\/9\/revisions\/169"}],"wp:attachment":[{"href":"https:\/\/www.upocam.org\/index.php\/wp-json\/wp\/v2\/media?parent=9"}],"curies":[{"name":"wp","href":"https:\/\/api.w.org\/{rel}","templated":true}]}}